{"id":1354,"date":"2024-12-20T18:09:10","date_gmt":"2024-12-20T17:09:10","guid":{"rendered":"https:\/\/lorga.es\/?post_type=product&#038;p=1354"},"modified":"2025-11-19T18:26:20","modified_gmt":"2025-11-19T17:26:20","slug":"ford-kuga-tiitanium-2-0-ecoblue-190cv-4x4","status":"publish","type":"product","link":"https:\/\/lorga.es\/gl\/producto\/ford-kuga-tiitanium-2-0-ecoblue-190cv-4x4\/","title":{"rendered":"FORD Kuga Titanium 2.0 EcoBlue 190cv. 4&#215;4 Auto"},"content":{"rendered":"<p><strong>Formidable Ford Kuga Titanium 4&#215;4 Autom\u00e1tico 2.0 Ecoblue (di\u00e9sel) 190 cv.<\/strong><br \/>\nMotor 2000 di\u00e9sel con etiqueta verde C y 190 cv.\u00a0 \u00a0 \u00a0Veh\u00edculo Nacional con 139.000 km. libro de mantenimiento y todas las revisiones pasadas. Somos concesionario Ford hace m\u00e1s de 37 a\u00f1os,<\/p>\n<p>Mucho equipamiento:<br \/>\n&#8211; Cambio autom\u00e1tico 8 vel.<br \/>\n&#8211; Navegador con pantalla t\u00e1ctil grande de 8&#8243; y control por voz<br \/>\n&#8211; Selector de modos de conducci\u00f3n: Eco, Sport, Mojado, Nieve o Barro<br \/>\n&#8211; Android Auto + Apple Carplay con sistema Mirror y conexi\u00f3n USB<br \/>\n&#8211; Base carga Inalambrica para Tf.<br \/>\n&#8211; Llantas de aleaci\u00f3n de 17&#8243; y 5&#215;2 radios Shadow Silver<br \/>\n&#8211; Etiqueta medioambiental Verde C<br \/>\n&#8211; Retrovisores plegables color carrocer\u00eda, calefactados,<br \/>\ncon intermitentes integrados y luces de bienvenida<br \/>\n&#8211; Faros LED de lente compleja con luces LED de conducci\u00f3n diurna<br \/>\n&#8211; Encendido autom\u00e1tico de faros<br \/>\n&#8211; Limpiaparabrisas con sensor de lluvia<br \/>\n&#8211; Sensores de parking delanteros y traseros con C\u00e1mara trasera<br \/>\n&#8211; Sistema de apertura y arranque sin llave de Ford Power<br \/>\n&#8211; Climatizador bizona<br \/>\n&#8211; Iluminaci\u00f3n ambiental<br \/>\n&#8211; Retrovisor interior antideslumbrante autom\u00e1tico<br \/>\n&#8211; Protectores de estribo entradas puertas de acero inoxidable pulido con<br \/>\nel logotipo &#8220;Titanium&#8221;<br \/>\n&#8211; Radio con pantalla t\u00e1ctil de 8&#8243;, 6 altavoces y DAB<br \/>\n&#8211; SYNC 3 con sistema de navegaci\u00f3n y mandos en el volante<br \/>\n&#8211; Llamada de emergencia a trav\u00e9s del m\u00f3dem incorporado<br \/>\n&#8211; Sistema Prevenci\u00f3n de colisi\u00f3n<br \/>\n&#8211; Ayuda y asistente mantenimiento carril<br \/>\n&#8211; Sistema Reconocimiento se\u00f1ales de tr\u00e1fico<br \/>\n&#8211; Control de crucero + limitador de velocidad<br \/>\n&#8211; Bot\u00f3n llamada emergencia E-Call<br \/>\n&#8211; Isofix<br \/>\n&#8211; Control de<\/p>\n<p><strong>Se entrega a domicilio en cualquier punto de la Pen\u00ednsula (consulte las condiciones).<\/strong><br \/>\n<strong>PVP OFERTA<\/strong><br \/>\n<strong>Precio final llave en mano, incluye gastos de transferencia y gestor\u00eda.<\/strong><br \/>\n<strong>Oferta valida salvo error tipogr\u00e1fico o fin de existencias.<\/strong><br \/>\n<strong>Se acepta coche como parte de pago, veh\u00edculo en perfectas condiciones. <\/strong><\/p>\n<p><strong>Transferencia y garant\u00eda incluida en el precio . Somos concesionario Oficial Ford hace m\u00e1s de 35 a\u00f1os. estabilidad<\/strong><\/p>\n","protected":false},"excerpt":{"rendered":"<p><strong>Marca<\/strong>: Ford<br \/>\n<strong>Modelo<\/strong>: FORD KUGA 2.0 Ecoblue 190 cv 4X4<br \/>\n<strong>Versi\u00f3n<\/strong>: Titanium<br \/>\n<strong>A\u00f1o<\/strong>: 2020<br \/>\n<strong>Kil\u00f3metros<\/strong>: 139000<br \/>\n<strong>Motor<\/strong>: 2.0 Tdci 190 cv<\/p>\n","protected":false},"featured_media":1582,"comment_status":"open","ping_status":"closed","template":"","meta":{"_et_pb_use_builder":"","_et_pb_old_content":"","_et_gb_content_width":""},"product_brand":[],"product_cat":[22],"product_tag":[],"class_list":{"0":"post-1354","1":"product","2":"type-product","3":"status-publish","4":"has-post-thumbnail","6":"product_cat-coches-de-segunda-mano","8":"first","9":"instock","10":"shipping-taxable","11":"purchasable","12":"product-type-simple"},"yoast_head":"<!-- This site is optimized with the Yoast SEO plugin v26.2 - https:\/\/yoast.com\/wordpress\/plugins\/seo\/ -->\n<title>FORD Kuga Titanium 2.0 EcoBlue 190cv. 4x4 Auto - Lorga - Taller de coches En A Coru\u00f1a. Veh\u00edculos usados y nuevos<\/title>\n<meta name=\"robots\" content=\"index, follow, max-snippet:-1, max-image-preview:large, max-video-preview:-1\" \/>\n<link rel=\"canonical\" href=\"https:\/\/lorga.es\/producto\/ford-kuga-tiitanium-2-0-ecoblue-190cv-4x4\/\" \/>\n<meta property=\"og:locale\" content=\"gl_ES\" \/>\n<meta property=\"og:type\" content=\"article\" \/>\n<meta property=\"og:title\" content=\"FORD Kuga Titanium 2.0 EcoBlue 190cv. 4x4 Auto - Lorga - Taller de coches En A Coru\u00f1a. Veh\u00edculos usados y nuevos\" \/>\n<meta property=\"og:description\" content=\"Marca: Ford Modelo: FORD KUGA 2.0 Ecoblue 190 cv 4X4 Versi\u00f3n: Titanium A\u00f1o: 2020 Kil\u00f3metros: 139000 Motor: 2.0 Tdci 190 cv\" \/>\n<meta property=\"og:url\" content=\"https:\/\/lorga.es\/producto\/ford-kuga-tiitanium-2-0-ecoblue-190cv-4x4\/\" \/>\n<meta property=\"og:site_name\" content=\"Lorga - Taller de coches En A Coru\u00f1a. Veh\u00edculos usados y nuevos\" \/>\n<meta property=\"article:modified_time\" content=\"2025-11-19T17:26:20+00:00\" \/>\n<meta property=\"og:image\" content=\"https:\/\/lorga.es\/wp-content\/uploads\/2024\/12\/2-3.jpg\" \/>\n\t<meta property=\"og:image:width\" content=\"640\" \/>\n\t<meta property=\"og:image:height\" content=\"480\" \/>\n\t<meta property=\"og:image:type\" content=\"image\/jpeg\" \/>\n<meta name=\"twitter:card\" content=\"summary_large_image\" \/>\n<meta name=\"twitter:label1\" content=\"Tempo de lectura\" \/>\n\t<meta name=\"twitter:data1\" content=\"2 minutos\" \/>\n<script type=\"application\/ld+json\" class=\"yoast-schema-graph\">{\"@context\":\"https:\/\/schema.org\",\"@graph\":[{\"@type\":\"WebPage\",\"@id\":\"https:\/\/lorga.es\/producto\/ford-kuga-tiitanium-2-0-ecoblue-190cv-4x4\/\",\"url\":\"https:\/\/lorga.es\/producto\/ford-kuga-tiitanium-2-0-ecoblue-190cv-4x4\/\",\"name\":\"FORD Kuga Titanium 2.0 EcoBlue 190cv. 4x4 Auto - Lorga - Taller de coches En A Coru\u00f1a. Veh\u00edculos usados y nuevos\",\"isPartOf\":{\"@id\":\"https:\/\/lorga.es\/#website\"},\"primaryImageOfPage\":{\"@id\":\"https:\/\/lorga.es\/producto\/ford-kuga-tiitanium-2-0-ecoblue-190cv-4x4\/#primaryimage\"},\"image\":{\"@id\":\"https:\/\/lorga.es\/producto\/ford-kuga-tiitanium-2-0-ecoblue-190cv-4x4\/#primaryimage\"},\"thumbnailUrl\":\"https:\/\/lorga.es\/wp-content\/uploads\/2024\/12\/2-3.jpg\",\"datePublished\":\"2024-12-20T17:09:10+00:00\",\"dateModified\":\"2025-11-19T17:26:20+00:00\",\"breadcrumb\":{\"@id\":\"https:\/\/lorga.es\/producto\/ford-kuga-tiitanium-2-0-ecoblue-190cv-4x4\/#breadcrumb\"},\"inLanguage\":\"gl-ES\",\"potentialAction\":[{\"@type\":\"ReadAction\",\"target\":[\"https:\/\/lorga.es\/producto\/ford-kuga-tiitanium-2-0-ecoblue-190cv-4x4\/\"]}]},{\"@type\":\"ImageObject\",\"inLanguage\":\"gl-ES\",\"@id\":\"https:\/\/lorga.es\/producto\/ford-kuga-tiitanium-2-0-ecoblue-190cv-4x4\/#primaryimage\",\"url\":\"https:\/\/lorga.es\/wp-content\/uploads\/2024\/12\/2-3.jpg\",\"contentUrl\":\"https:\/\/lorga.es\/wp-content\/uploads\/2024\/12\/2-3.jpg\",\"width\":640,\"height\":480},{\"@type\":\"BreadcrumbList\",\"@id\":\"https:\/\/lorga.es\/producto\/ford-kuga-tiitanium-2-0-ecoblue-190cv-4x4\/#breadcrumb\",\"itemListElement\":[{\"@type\":\"ListItem\",\"position\":1,\"name\":\"Portada\",\"item\":\"https:\/\/lorga.es\/\"},{\"@type\":\"ListItem\",\"position\":2,\"name\":\"Tienda\",\"item\":\"https:\/\/lorga.es\/tienda\/\"},{\"@type\":\"ListItem\",\"position\":3,\"name\":\"FORD Kuga Titanium 2.0 EcoBlue 190cv. 4&#215;4 Auto\"}]},{\"@type\":\"WebSite\",\"@id\":\"https:\/\/lorga.es\/#website\",\"url\":\"https:\/\/lorga.es\/\",\"name\":\"Lorga - Taller de coches En A Coru\u00f1a. Veh\u00edculos usados y nuevos\",\"description\":\"Tu taller de reparaci\u00f3n mec\u00e1nica en A Coru\u00f1a. Carrocer\u00eda, chapa y pintura. Venta de coches nuevos y usados para toda Galicia\",\"potentialAction\":[{\"@type\":\"SearchAction\",\"target\":{\"@type\":\"EntryPoint\",\"urlTemplate\":\"https:\/\/lorga.es\/?s={search_term_string}\"},\"query-input\":{\"@type\":\"PropertyValueSpecification\",\"valueRequired\":true,\"valueName\":\"search_term_string\"}}],\"inLanguage\":\"gl-ES\"}]}<\/script>\n<!-- \/ Yoast SEO plugin. -->","yoast_head_json":{"title":"FORD Kuga Titanium 2.0 EcoBlue 190cv. 4x4 Auto - Lorga - Taller de coches En A Coru\u00f1a. Veh\u00edculos usados y nuevos","robots":{"index":"index","follow":"follow","max-snippet":"max-snippet:-1","max-image-preview":"max-image-preview:large","max-video-preview":"max-video-preview:-1"},"canonical":"https:\/\/lorga.es\/producto\/ford-kuga-tiitanium-2-0-ecoblue-190cv-4x4\/","og_locale":"gl_ES","og_type":"article","og_title":"FORD Kuga Titanium 2.0 EcoBlue 190cv. 4x4 Auto - Lorga - Taller de coches En A Coru\u00f1a. Veh\u00edculos usados y nuevos","og_description":"Marca: Ford Modelo: FORD KUGA 2.0 Ecoblue 190 cv 4X4 Versi\u00f3n: Titanium A\u00f1o: 2020 Kil\u00f3metros: 139000 Motor: 2.0 Tdci 190 cv","og_url":"https:\/\/lorga.es\/producto\/ford-kuga-tiitanium-2-0-ecoblue-190cv-4x4\/","og_site_name":"Lorga - Taller de coches En A Coru\u00f1a. Veh\u00edculos usados y nuevos","article_modified_time":"2025-11-19T17:26:20+00:00","og_image":[{"width":640,"height":480,"url":"https:\/\/lorga.es\/wp-content\/uploads\/2024\/12\/2-3.jpg","type":"image\/jpeg"}],"twitter_card":"summary_large_image","twitter_misc":{"Tempo de lectura":"2 minutos"},"schema":{"@context":"https:\/\/schema.org","@graph":[{"@type":"WebPage","@id":"https:\/\/lorga.es\/producto\/ford-kuga-tiitanium-2-0-ecoblue-190cv-4x4\/","url":"https:\/\/lorga.es\/producto\/ford-kuga-tiitanium-2-0-ecoblue-190cv-4x4\/","name":"FORD Kuga Titanium 2.0 EcoBlue 190cv. 4x4 Auto - Lorga - Taller de coches En A Coru\u00f1a. Veh\u00edculos usados y nuevos","isPartOf":{"@id":"https:\/\/lorga.es\/#website"},"primaryImageOfPage":{"@id":"https:\/\/lorga.es\/producto\/ford-kuga-tiitanium-2-0-ecoblue-190cv-4x4\/#primaryimage"},"image":{"@id":"https:\/\/lorga.es\/producto\/ford-kuga-tiitanium-2-0-ecoblue-190cv-4x4\/#primaryimage"},"thumbnailUrl":"https:\/\/lorga.es\/wp-content\/uploads\/2024\/12\/2-3.jpg","datePublished":"2024-12-20T17:09:10+00:00","dateModified":"2025-11-19T17:26:20+00:00","breadcrumb":{"@id":"https:\/\/lorga.es\/producto\/ford-kuga-tiitanium-2-0-ecoblue-190cv-4x4\/#breadcrumb"},"inLanguage":"gl-ES","potentialAction":[{"@type":"ReadAction","target":["https:\/\/lorga.es\/producto\/ford-kuga-tiitanium-2-0-ecoblue-190cv-4x4\/"]}]},{"@type":"ImageObject","inLanguage":"gl-ES","@id":"https:\/\/lorga.es\/producto\/ford-kuga-tiitanium-2-0-ecoblue-190cv-4x4\/#primaryimage","url":"https:\/\/lorga.es\/wp-content\/uploads\/2024\/12\/2-3.jpg","contentUrl":"https:\/\/lorga.es\/wp-content\/uploads\/2024\/12\/2-3.jpg","width":640,"height":480},{"@type":"BreadcrumbList","@id":"https:\/\/lorga.es\/producto\/ford-kuga-tiitanium-2-0-ecoblue-190cv-4x4\/#breadcrumb","itemListElement":[{"@type":"ListItem","position":1,"name":"Portada","item":"https:\/\/lorga.es\/"},{"@type":"ListItem","position":2,"name":"Tienda","item":"https:\/\/lorga.es\/tienda\/"},{"@type":"ListItem","position":3,"name":"FORD Kuga Titanium 2.0 EcoBlue 190cv. 4&#215;4 Auto"}]},{"@type":"WebSite","@id":"https:\/\/lorga.es\/#website","url":"https:\/\/lorga.es\/","name":"Lorga - Taller de coches En A Coru\u00f1a. Veh\u00edculos usados y nuevos","description":"Tu taller de reparaci\u00f3n mec\u00e1nica en A Coru\u00f1a. Carrocer\u00eda, chapa y pintura. Venta de coches nuevos y usados para toda Galicia","potentialAction":[{"@type":"SearchAction","target":{"@type":"EntryPoint","urlTemplate":"https:\/\/lorga.es\/?s={search_term_string}"},"query-input":{"@type":"PropertyValueSpecification","valueRequired":true,"valueName":"search_term_string"}}],"inLanguage":"gl-ES"}]}},"_links":{"self":[{"href":"https:\/\/lorga.es\/gl\/wp-json\/wp\/v2\/product\/1354","targetHints":{"allow":["GET"]}}],"collection":[{"href":"https:\/\/lorga.es\/gl\/wp-json\/wp\/v2\/product"}],"about":[{"href":"https:\/\/lorga.es\/gl\/wp-json\/wp\/v2\/types\/product"}],"replies":[{"embeddable":true,"href":"https:\/\/lorga.es\/gl\/wp-json\/wp\/v2\/comments?post=1354"}],"wp:featuredmedia":[{"embeddable":true,"href":"https:\/\/lorga.es\/gl\/wp-json\/wp\/v2\/media\/1582"}],"wp:attachment":[{"href":"https:\/\/lorga.es\/gl\/wp-json\/wp\/v2\/media?parent=1354"}],"wp:term":[{"taxonomy":"product_brand","embeddable":true,"href":"https:\/\/lorga.es\/gl\/wp-json\/wp\/v2\/product_brand?post=1354"},{"taxonomy":"product_cat","embeddable":true,"href":"https:\/\/lorga.es\/gl\/wp-json\/wp\/v2\/product_cat?post=1354"},{"taxonomy":"product_tag","embeddable":true,"href":"https:\/\/lorga.es\/gl\/wp-json\/wp\/v2\/product_tag?post=1354"}],"curies":[{"name":"wp","href":"https:\/\/api.w.org\/{rel}","templated":true}]}}