{"id":1722,"date":"2025-06-16T13:18:08","date_gmt":"2025-06-16T11:18:08","guid":{"rendered":"https:\/\/lorga.es\/?post_type=product&#038;p=1722"},"modified":"2026-04-13T15:07:58","modified_gmt":"2026-04-13T13:07:58","slug":"ford-focus-trend-1-5-ecoblue-120-cv","status":"publish","type":"product","link":"https:\/\/lorga.es\/gl\/producto\/ford-focus-trend-1-5-ecoblue-120-cv\/","title":{"rendered":"FORD Focus Trend +1.5 Ecoblue 120 cv."},"content":{"rendered":"<p>****<strong> Ford FORD FOCUS 1.5 Ecoblue 120 cv Motor Di\u00e9sel con etiqueta de emisiones Verde C<\/strong>\u00a0****<br \/>\n?? Precio imbatible | ? Revisado y garantizado |<br \/>\nEn <strong>Autom\u00f3viles Lorga<\/strong> te ofrecemos este Ford Focus Trend+ Ecoblue 120cv.,<br \/>\n<strong>Caracter\u00edsticas principales:<\/strong><\/p>\n<ul>\n<li>Motor 1.5 TDCi Ecoblue de 120 CV:<strong> bajo consumo y excelente rendimiento<\/strong><\/li>\n<li><strong>75.000 km, con historial de mantenimiento al d\u00eda.<\/strong><\/li>\n<li><strong>Navegador\/ USB X 2\/ MP3 \/ Radio,<\/strong><\/li>\n<li><strong>Sensores delantero \/ trasero 180\u00ba + C\u00e1mara trasera,<\/strong><\/li>\n<li><strong>Climatizador Bi- Zona,<\/strong><\/li>\n<li><strong>4 elevalunas el\u00e9ctricos,<\/strong><\/li>\n<li><strong> cierre centralizado\u00a0<\/strong><\/li>\n<li><strong>4 modos de conducci\u00f3n, <\/strong><\/li>\n<li><strong>asistente de emergencia,<\/strong><\/li>\n<li><strong>Start\/ Stop, <\/strong><\/li>\n<li><strong>Retrovisores plegables color carrocer\u00eda, con intermitentes integrados,<\/strong><\/li>\n<li><strong>\u00a0Faros LED de conducci\u00f3n diurna y Faro de lente compleja con luces Hal\u00f3genas<\/strong><\/li>\n<li><strong>Encendido autom\u00e1tico de faros<\/strong><\/li>\n<li><strong>Limpiaparabrisas con sensor de lluvia<\/strong><\/li>\n<li><strong>ITV en vigor<\/strong><\/li>\n<li><strong>Etiqueta medioambiental Verde C<\/strong><\/li>\n<li><strong>Veh\u00edculo completamente revisado por nuestros mec\u00e1nicos<\/strong><br \/>\n<strong>\u00bfPor qu\u00e9 comprar en Autom\u00f3viles Lorga?<\/strong><br \/>\n<strong>&#8211; M\u00e1s de 50 a\u00f1os de experiencia en el sector<\/strong><br \/>\n<strong>&#8211; Todos nuestros veh\u00edculos se entregan revisados y con garant\u00eda<\/strong><br \/>\n<strong>&#8211; Asesoramiento personalizado y financiaci\u00f3n a tu medida<\/strong><br \/>\n<strong>&#8211; Compramos tu coche usado como parte de pago<\/strong><br \/>\n<strong>!! Ven a visitarnos y pru\u00e9bala sin compromiso \u00a1\u00a1<\/strong><br \/>\n<strong>!! Contacta con nosotros hoy en el 981 22 24 22 y ll\u00e9vate un veh\u00edculo\/furgoneta lista para seguir disfrutando\/trabajando \u00a1\u00a1<\/strong><br \/>\n<strong>!! Autom\u00f3viles Lorga \u2013 Tu confianza sobre ruedas. Se entrega a domicilio en cualquier punto de la Pen\u00ednsula (consulte las condiciones) \u00a1\u00a1<\/strong><br \/>\n<strong>Precio final llave en mano, incluye gastos de transferencia y gestor\u00eda \u00a1\u00a1<\/strong><br \/>\n<strong>Oferta valida salvo error tipogr\u00e1fico o fin de existencias \u00a1\u00a1<\/strong><br \/>\n<strong>Transferencia y garant\u00eda incluida en el precio . Somos concesionario Oficial Ford hace m\u00e1s de 35 a\u00f1os \u00a1\u00a1<\/strong>.<\/li>\n<\/ul>\n<p>&nbsp;<\/p>\n","protected":false},"excerpt":{"rendered":"<p><strong>Marca<\/strong>: Ford<br \/>\n<strong>Modelo<\/strong>: Focus<br \/>\n<strong>Versi\u00f3n<\/strong>: Trend +<br \/>\n<strong>A\u00f1o<\/strong>: 2022<br \/>\n<strong>Kil\u00f3metros<\/strong>: 75000<br \/>\n<strong>Motor<\/strong>: 1.0 Ecobbost\u00a0 125 cv.<\/p>\n","protected":false},"featured_media":1723,"comment_status":"open","ping_status":"closed","template":"","meta":{"_et_pb_use_builder":"","_et_pb_old_content":"","_et_gb_content_width":""},"product_brand":[],"product_cat":[22],"product_tag":[],"class_list":{"0":"post-1722","1":"product","2":"type-product","3":"status-publish","4":"has-post-thumbnail","6":"product_cat-coches-de-segunda-mano","8":"first","9":"instock","10":"shipping-taxable","11":"purchasable","12":"product-type-simple"},"yoast_head":"<!-- This site is optimized with the Yoast SEO plugin v26.2 - https:\/\/yoast.com\/wordpress\/plugins\/seo\/ -->\n<title>FORD Focus Trend +1.5 Ecoblue 120 cv. - Lorga - Taller de coches En A Coru\u00f1a. Veh\u00edculos usados y nuevos<\/title>\n<meta name=\"robots\" content=\"index, follow, max-snippet:-1, max-image-preview:large, max-video-preview:-1\" \/>\n<link rel=\"canonical\" href=\"https:\/\/lorga.es\/producto\/ford-focus-trend-1-5-ecoblue-120-cv\/\" \/>\n<meta property=\"og:locale\" content=\"gl_ES\" \/>\n<meta property=\"og:type\" content=\"article\" \/>\n<meta property=\"og:title\" content=\"FORD Focus Trend +1.5 Ecoblue 120 cv. - Lorga - Taller de coches En A Coru\u00f1a. Veh\u00edculos usados y nuevos\" \/>\n<meta property=\"og:description\" content=\"Marca: Ford Modelo: Focus Versi\u00f3n: Trend + A\u00f1o: 2022 Kil\u00f3metros: 75000 Motor: 1.0 Ecobbost\u00a0 125 cv.\" \/>\n<meta property=\"og:url\" content=\"https:\/\/lorga.es\/producto\/ford-focus-trend-1-5-ecoblue-120-cv\/\" \/>\n<meta property=\"og:site_name\" content=\"Lorga - Taller de coches En A Coru\u00f1a. Veh\u00edculos usados y nuevos\" \/>\n<meta property=\"article:modified_time\" content=\"2026-04-13T13:07:58+00:00\" \/>\n<meta property=\"og:image\" content=\"https:\/\/lorga.es\/wp-content\/uploads\/2025\/06\/21.jpg\" \/>\n\t<meta property=\"og:image:width\" content=\"640\" \/>\n\t<meta property=\"og:image:height\" content=\"480\" \/>\n\t<meta property=\"og:image:type\" content=\"image\/jpeg\" \/>\n<meta name=\"twitter:card\" content=\"summary_large_image\" \/>\n<meta name=\"twitter:label1\" content=\"Tempo de lectura\" \/>\n\t<meta name=\"twitter:data1\" content=\"2 minutos\" \/>\n<script type=\"application\/ld+json\" class=\"yoast-schema-graph\">{\"@context\":\"https:\/\/schema.org\",\"@graph\":[{\"@type\":\"WebPage\",\"@id\":\"https:\/\/lorga.es\/producto\/ford-focus-trend-1-5-ecoblue-120-cv\/\",\"url\":\"https:\/\/lorga.es\/producto\/ford-focus-trend-1-5-ecoblue-120-cv\/\",\"name\":\"FORD Focus Trend +1.5 Ecoblue 120 cv. - Lorga - Taller de coches En A Coru\u00f1a. Veh\u00edculos usados y nuevos\",\"isPartOf\":{\"@id\":\"https:\/\/lorga.es\/#website\"},\"primaryImageOfPage\":{\"@id\":\"https:\/\/lorga.es\/producto\/ford-focus-trend-1-5-ecoblue-120-cv\/#primaryimage\"},\"image\":{\"@id\":\"https:\/\/lorga.es\/producto\/ford-focus-trend-1-5-ecoblue-120-cv\/#primaryimage\"},\"thumbnailUrl\":\"https:\/\/lorga.es\/wp-content\/uploads\/2025\/06\/21.jpg\",\"datePublished\":\"2025-06-16T11:18:08+00:00\",\"dateModified\":\"2026-04-13T13:07:58+00:00\",\"breadcrumb\":{\"@id\":\"https:\/\/lorga.es\/producto\/ford-focus-trend-1-5-ecoblue-120-cv\/#breadcrumb\"},\"inLanguage\":\"gl-ES\",\"potentialAction\":[{\"@type\":\"ReadAction\",\"target\":[\"https:\/\/lorga.es\/producto\/ford-focus-trend-1-5-ecoblue-120-cv\/\"]}]},{\"@type\":\"ImageObject\",\"inLanguage\":\"gl-ES\",\"@id\":\"https:\/\/lorga.es\/producto\/ford-focus-trend-1-5-ecoblue-120-cv\/#primaryimage\",\"url\":\"https:\/\/lorga.es\/wp-content\/uploads\/2025\/06\/21.jpg\",\"contentUrl\":\"https:\/\/lorga.es\/wp-content\/uploads\/2025\/06\/21.jpg\",\"width\":640,\"height\":480},{\"@type\":\"BreadcrumbList\",\"@id\":\"https:\/\/lorga.es\/producto\/ford-focus-trend-1-5-ecoblue-120-cv\/#breadcrumb\",\"itemListElement\":[{\"@type\":\"ListItem\",\"position\":1,\"name\":\"Portada\",\"item\":\"https:\/\/lorga.es\/\"},{\"@type\":\"ListItem\",\"position\":2,\"name\":\"Tienda\",\"item\":\"https:\/\/lorga.es\/tienda\/\"},{\"@type\":\"ListItem\",\"position\":3,\"name\":\"FORD Focus Trend +1.5 Ecoblue 120 cv.\"}]},{\"@type\":\"WebSite\",\"@id\":\"https:\/\/lorga.es\/#website\",\"url\":\"https:\/\/lorga.es\/\",\"name\":\"Lorga - Taller de coches En A Coru\u00f1a. Veh\u00edculos usados y nuevos\",\"description\":\"Tu taller de reparaci\u00f3n mec\u00e1nica en A Coru\u00f1a. Carrocer\u00eda, chapa y pintura. Venta de coches nuevos y usados para toda Galicia\",\"potentialAction\":[{\"@type\":\"SearchAction\",\"target\":{\"@type\":\"EntryPoint\",\"urlTemplate\":\"https:\/\/lorga.es\/?s={search_term_string}\"},\"query-input\":{\"@type\":\"PropertyValueSpecification\",\"valueRequired\":true,\"valueName\":\"search_term_string\"}}],\"inLanguage\":\"gl-ES\"}]}<\/script>\n<!-- \/ Yoast SEO plugin. -->","yoast_head_json":{"title":"FORD Focus Trend +1.5 Ecoblue 120 cv. - Lorga - Taller de coches En A Coru\u00f1a. Veh\u00edculos usados y nuevos","robots":{"index":"index","follow":"follow","max-snippet":"max-snippet:-1","max-image-preview":"max-image-preview:large","max-video-preview":"max-video-preview:-1"},"canonical":"https:\/\/lorga.es\/producto\/ford-focus-trend-1-5-ecoblue-120-cv\/","og_locale":"gl_ES","og_type":"article","og_title":"FORD Focus Trend +1.5 Ecoblue 120 cv. - Lorga - Taller de coches En A Coru\u00f1a. Veh\u00edculos usados y nuevos","og_description":"Marca: Ford Modelo: Focus Versi\u00f3n: Trend + A\u00f1o: 2022 Kil\u00f3metros: 75000 Motor: 1.0 Ecobbost\u00a0 125 cv.","og_url":"https:\/\/lorga.es\/producto\/ford-focus-trend-1-5-ecoblue-120-cv\/","og_site_name":"Lorga - Taller de coches En A Coru\u00f1a. Veh\u00edculos usados y nuevos","article_modified_time":"2026-04-13T13:07:58+00:00","og_image":[{"width":640,"height":480,"url":"https:\/\/lorga.es\/wp-content\/uploads\/2025\/06\/21.jpg","type":"image\/jpeg"}],"twitter_card":"summary_large_image","twitter_misc":{"Tempo de lectura":"2 minutos"},"schema":{"@context":"https:\/\/schema.org","@graph":[{"@type":"WebPage","@id":"https:\/\/lorga.es\/producto\/ford-focus-trend-1-5-ecoblue-120-cv\/","url":"https:\/\/lorga.es\/producto\/ford-focus-trend-1-5-ecoblue-120-cv\/","name":"FORD Focus Trend +1.5 Ecoblue 120 cv. - Lorga - Taller de coches En A Coru\u00f1a. Veh\u00edculos usados y nuevos","isPartOf":{"@id":"https:\/\/lorga.es\/#website"},"primaryImageOfPage":{"@id":"https:\/\/lorga.es\/producto\/ford-focus-trend-1-5-ecoblue-120-cv\/#primaryimage"},"image":{"@id":"https:\/\/lorga.es\/producto\/ford-focus-trend-1-5-ecoblue-120-cv\/#primaryimage"},"thumbnailUrl":"https:\/\/lorga.es\/wp-content\/uploads\/2025\/06\/21.jpg","datePublished":"2025-06-16T11:18:08+00:00","dateModified":"2026-04-13T13:07:58+00:00","breadcrumb":{"@id":"https:\/\/lorga.es\/producto\/ford-focus-trend-1-5-ecoblue-120-cv\/#breadcrumb"},"inLanguage":"gl-ES","potentialAction":[{"@type":"ReadAction","target":["https:\/\/lorga.es\/producto\/ford-focus-trend-1-5-ecoblue-120-cv\/"]}]},{"@type":"ImageObject","inLanguage":"gl-ES","@id":"https:\/\/lorga.es\/producto\/ford-focus-trend-1-5-ecoblue-120-cv\/#primaryimage","url":"https:\/\/lorga.es\/wp-content\/uploads\/2025\/06\/21.jpg","contentUrl":"https:\/\/lorga.es\/wp-content\/uploads\/2025\/06\/21.jpg","width":640,"height":480},{"@type":"BreadcrumbList","@id":"https:\/\/lorga.es\/producto\/ford-focus-trend-1-5-ecoblue-120-cv\/#breadcrumb","itemListElement":[{"@type":"ListItem","position":1,"name":"Portada","item":"https:\/\/lorga.es\/"},{"@type":"ListItem","position":2,"name":"Tienda","item":"https:\/\/lorga.es\/tienda\/"},{"@type":"ListItem","position":3,"name":"FORD Focus Trend +1.5 Ecoblue 120 cv."}]},{"@type":"WebSite","@id":"https:\/\/lorga.es\/#website","url":"https:\/\/lorga.es\/","name":"Lorga - Taller de coches En A Coru\u00f1a. Veh\u00edculos usados y nuevos","description":"Tu taller de reparaci\u00f3n mec\u00e1nica en A Coru\u00f1a. Carrocer\u00eda, chapa y pintura. Venta de coches nuevos y usados para toda Galicia","potentialAction":[{"@type":"SearchAction","target":{"@type":"EntryPoint","urlTemplate":"https:\/\/lorga.es\/?s={search_term_string}"},"query-input":{"@type":"PropertyValueSpecification","valueRequired":true,"valueName":"search_term_string"}}],"inLanguage":"gl-ES"}]}},"_links":{"self":[{"href":"https:\/\/lorga.es\/gl\/wp-json\/wp\/v2\/product\/1722","targetHints":{"allow":["GET"]}}],"collection":[{"href":"https:\/\/lorga.es\/gl\/wp-json\/wp\/v2\/product"}],"about":[{"href":"https:\/\/lorga.es\/gl\/wp-json\/wp\/v2\/types\/product"}],"replies":[{"embeddable":true,"href":"https:\/\/lorga.es\/gl\/wp-json\/wp\/v2\/comments?post=1722"}],"wp:featuredmedia":[{"embeddable":true,"href":"https:\/\/lorga.es\/gl\/wp-json\/wp\/v2\/media\/1723"}],"wp:attachment":[{"href":"https:\/\/lorga.es\/gl\/wp-json\/wp\/v2\/media?parent=1722"}],"wp:term":[{"taxonomy":"product_brand","embeddable":true,"href":"https:\/\/lorga.es\/gl\/wp-json\/wp\/v2\/product_brand?post=1722"},{"taxonomy":"product_cat","embeddable":true,"href":"https:\/\/lorga.es\/gl\/wp-json\/wp\/v2\/product_cat?post=1722"},{"taxonomy":"product_tag","embeddable":true,"href":"https:\/\/lorga.es\/gl\/wp-json\/wp\/v2\/product_tag?post=1722"}],"curies":[{"name":"wp","href":"https:\/\/api.w.org\/{rel}","templated":true}]}}