{"id":2017,"date":"2025-12-03T16:11:31","date_gmt":"2025-12-03T15:11:31","guid":{"rendered":"https:\/\/lorga.es\/?post_type=product&#038;p=2017"},"modified":"2026-04-13T15:11:22","modified_gmt":"2026-04-13T13:11:22","slug":"peugeot-3008-1-5-bluehdi-manual-130cv-ss-active-pack","status":"publish","type":"product","link":"https:\/\/lorga.es\/gl\/producto\/peugeot-3008-1-5-bluehdi-manual-130cv-ss-active-pack\/","title":{"rendered":"PEUGEOT 3008 1.5 BlueHDi Manual 130CV SS Active Pack"},"content":{"rendered":"<p>PEUGEOT &#8211; 3008 Active Pack 1.5 Blue HDi 96kW 130CV Cambio Manual 6 vel. Precio al contado 16.900 \u20ac. Veh\u00edculo Nacional matriculado en 08\/2021 con 91.500 km y libro de mantenimiento. -Caracter\u00edsticas: Terminaci\u00f3n Active Pack, 6 velocidades, Cuentaquil\u00f3metros digital con Navegaci\u00f3n 3D, Pantalla Digital T\u00e1ctil Grande con Sistema Multimedia, Sensores de Aparcamiento delantero\/trasero con C\u00e1mara Trasera, Climatizador Bi-Zona, Luces Diurnas Led, Sensor Luces y Lluvia, Sistema Multimedia con USB, Apple Car Play y Android Auto, Control de Crucero y Limitador de velocidad, Asistente Mantenimiento de carril, Asistente de colisi\u00f3n , Asientos deportivos Tela Piel, Faros Antiniebla, Ordenador abordo, Asistente llamada emergencia, volante multifunci\u00f3n, iluminaci\u00f3n ambiente interior.<\/p>\n","protected":false},"excerpt":{"rendered":"<p><strong>Marca<\/strong>: Peugeot<br \/>\n<strong>Modelo<\/strong>: 3008 Style<br \/>\n<strong>Versi\u00f3n<\/strong>: Active Pack Line 6 vel. Manual<br \/>\n<strong>A\u00f1o<\/strong>:\u00a0 2021<br \/>\n<strong>Kil\u00f3metros<\/strong>: 91.500<br \/>\n<strong>Motor<\/strong>: BlueHdi 130cv<\/p>\n","protected":false},"featured_media":2205,"comment_status":"open","ping_status":"closed","template":"","meta":{"_et_pb_use_builder":"","_et_pb_old_content":"","_et_gb_content_width":""},"product_brand":[],"product_cat":[22],"product_tag":[],"class_list":{"0":"post-2017","1":"product","2":"type-product","3":"status-publish","4":"has-post-thumbnail","6":"product_cat-coches-de-segunda-mano","8":"first","9":"instock","10":"shipping-taxable","11":"purchasable","12":"product-type-simple"},"yoast_head":"<!-- This site is optimized with the Yoast SEO plugin v26.2 - https:\/\/yoast.com\/wordpress\/plugins\/seo\/ -->\n<title>PEUGEOT 3008 1.5 BlueHDi Manual 130CV SS Active Pack - Lorga - Taller de coches En A Coru\u00f1a. Veh\u00edculos usados y nuevos<\/title>\n<meta name=\"robots\" content=\"index, follow, max-snippet:-1, max-image-preview:large, max-video-preview:-1\" \/>\n<link rel=\"canonical\" href=\"https:\/\/lorga.es\/producto\/peugeot-3008-1-5-bluehdi-manual-130cv-ss-active-pack\/\" \/>\n<meta property=\"og:locale\" content=\"gl_ES\" \/>\n<meta property=\"og:type\" content=\"article\" \/>\n<meta property=\"og:title\" content=\"PEUGEOT 3008 1.5 BlueHDi Manual 130CV SS Active Pack - Lorga - Taller de coches En A Coru\u00f1a. Veh\u00edculos usados y nuevos\" \/>\n<meta property=\"og:description\" content=\"Marca: Peugeot Modelo: 3008 Style Versi\u00f3n: Active Pack Line 6 vel. Manual A\u00f1o:\u00a0 2021 Kil\u00f3metros: 91.500 Motor: BlueHdi 130cv\" \/>\n<meta property=\"og:url\" content=\"https:\/\/lorga.es\/producto\/peugeot-3008-1-5-bluehdi-manual-130cv-ss-active-pack\/\" \/>\n<meta property=\"og:site_name\" content=\"Lorga - Taller de coches En A Coru\u00f1a. Veh\u00edculos usados y nuevos\" \/>\n<meta property=\"article:modified_time\" content=\"2026-04-13T13:11:22+00:00\" \/>\n<meta property=\"og:image\" content=\"https:\/\/lorga.es\/wp-content\/uploads\/2025\/12\/1-1.jpg\" \/>\n\t<meta property=\"og:image:width\" content=\"640\" \/>\n\t<meta property=\"og:image:height\" content=\"480\" \/>\n\t<meta property=\"og:image:type\" content=\"image\/jpeg\" \/>\n<meta name=\"twitter:card\" content=\"summary_large_image\" \/>\n<meta name=\"twitter:label1\" content=\"Tempo de lectura\" \/>\n\t<meta name=\"twitter:data1\" content=\"1 minuto\" \/>\n<script type=\"application\/ld+json\" class=\"yoast-schema-graph\">{\"@context\":\"https:\/\/schema.org\",\"@graph\":[{\"@type\":\"WebPage\",\"@id\":\"https:\/\/lorga.es\/producto\/peugeot-3008-1-5-bluehdi-manual-130cv-ss-active-pack\/\",\"url\":\"https:\/\/lorga.es\/producto\/peugeot-3008-1-5-bluehdi-manual-130cv-ss-active-pack\/\",\"name\":\"PEUGEOT 3008 1.5 BlueHDi Manual 130CV SS Active Pack - Lorga - Taller de coches En A Coru\u00f1a. Veh\u00edculos usados y nuevos\",\"isPartOf\":{\"@id\":\"https:\/\/lorga.es\/#website\"},\"primaryImageOfPage\":{\"@id\":\"https:\/\/lorga.es\/producto\/peugeot-3008-1-5-bluehdi-manual-130cv-ss-active-pack\/#primaryimage\"},\"image\":{\"@id\":\"https:\/\/lorga.es\/producto\/peugeot-3008-1-5-bluehdi-manual-130cv-ss-active-pack\/#primaryimage\"},\"thumbnailUrl\":\"https:\/\/lorga.es\/wp-content\/uploads\/2025\/12\/1-1.jpg\",\"datePublished\":\"2025-12-03T15:11:31+00:00\",\"dateModified\":\"2026-04-13T13:11:22+00:00\",\"breadcrumb\":{\"@id\":\"https:\/\/lorga.es\/producto\/peugeot-3008-1-5-bluehdi-manual-130cv-ss-active-pack\/#breadcrumb\"},\"inLanguage\":\"gl-ES\",\"potentialAction\":[{\"@type\":\"ReadAction\",\"target\":[\"https:\/\/lorga.es\/producto\/peugeot-3008-1-5-bluehdi-manual-130cv-ss-active-pack\/\"]}]},{\"@type\":\"ImageObject\",\"inLanguage\":\"gl-ES\",\"@id\":\"https:\/\/lorga.es\/producto\/peugeot-3008-1-5-bluehdi-manual-130cv-ss-active-pack\/#primaryimage\",\"url\":\"https:\/\/lorga.es\/wp-content\/uploads\/2025\/12\/1-1.jpg\",\"contentUrl\":\"https:\/\/lorga.es\/wp-content\/uploads\/2025\/12\/1-1.jpg\",\"width\":640,\"height\":480},{\"@type\":\"BreadcrumbList\",\"@id\":\"https:\/\/lorga.es\/producto\/peugeot-3008-1-5-bluehdi-manual-130cv-ss-active-pack\/#breadcrumb\",\"itemListElement\":[{\"@type\":\"ListItem\",\"position\":1,\"name\":\"Portada\",\"item\":\"https:\/\/lorga.es\/\"},{\"@type\":\"ListItem\",\"position\":2,\"name\":\"Tienda\",\"item\":\"https:\/\/lorga.es\/tienda\/\"},{\"@type\":\"ListItem\",\"position\":3,\"name\":\"PEUGEOT 3008 1.5 BlueHDi Manual 130CV SS Active Pack\"}]},{\"@type\":\"WebSite\",\"@id\":\"https:\/\/lorga.es\/#website\",\"url\":\"https:\/\/lorga.es\/\",\"name\":\"Lorga - Taller de coches En A Coru\u00f1a. Veh\u00edculos usados y nuevos\",\"description\":\"Tu taller de reparaci\u00f3n mec\u00e1nica en A Coru\u00f1a. Carrocer\u00eda, chapa y pintura. Venta de coches nuevos y usados para toda Galicia\",\"potentialAction\":[{\"@type\":\"SearchAction\",\"target\":{\"@type\":\"EntryPoint\",\"urlTemplate\":\"https:\/\/lorga.es\/?s={search_term_string}\"},\"query-input\":{\"@type\":\"PropertyValueSpecification\",\"valueRequired\":true,\"valueName\":\"search_term_string\"}}],\"inLanguage\":\"gl-ES\"}]}<\/script>\n<!-- \/ Yoast SEO plugin. -->","yoast_head_json":{"title":"PEUGEOT 3008 1.5 BlueHDi Manual 130CV SS Active Pack - Lorga - Taller de coches En A Coru\u00f1a. Veh\u00edculos usados y nuevos","robots":{"index":"index","follow":"follow","max-snippet":"max-snippet:-1","max-image-preview":"max-image-preview:large","max-video-preview":"max-video-preview:-1"},"canonical":"https:\/\/lorga.es\/producto\/peugeot-3008-1-5-bluehdi-manual-130cv-ss-active-pack\/","og_locale":"gl_ES","og_type":"article","og_title":"PEUGEOT 3008 1.5 BlueHDi Manual 130CV SS Active Pack - Lorga - Taller de coches En A Coru\u00f1a. Veh\u00edculos usados y nuevos","og_description":"Marca: Peugeot Modelo: 3008 Style Versi\u00f3n: Active Pack Line 6 vel. Manual A\u00f1o:\u00a0 2021 Kil\u00f3metros: 91.500 Motor: BlueHdi 130cv","og_url":"https:\/\/lorga.es\/producto\/peugeot-3008-1-5-bluehdi-manual-130cv-ss-active-pack\/","og_site_name":"Lorga - Taller de coches En A Coru\u00f1a. Veh\u00edculos usados y nuevos","article_modified_time":"2026-04-13T13:11:22+00:00","og_image":[{"width":640,"height":480,"url":"https:\/\/lorga.es\/wp-content\/uploads\/2025\/12\/1-1.jpg","type":"image\/jpeg"}],"twitter_card":"summary_large_image","twitter_misc":{"Tempo de lectura":"1 minuto"},"schema":{"@context":"https:\/\/schema.org","@graph":[{"@type":"WebPage","@id":"https:\/\/lorga.es\/producto\/peugeot-3008-1-5-bluehdi-manual-130cv-ss-active-pack\/","url":"https:\/\/lorga.es\/producto\/peugeot-3008-1-5-bluehdi-manual-130cv-ss-active-pack\/","name":"PEUGEOT 3008 1.5 BlueHDi Manual 130CV SS Active Pack - Lorga - Taller de coches En A Coru\u00f1a. Veh\u00edculos usados y nuevos","isPartOf":{"@id":"https:\/\/lorga.es\/#website"},"primaryImageOfPage":{"@id":"https:\/\/lorga.es\/producto\/peugeot-3008-1-5-bluehdi-manual-130cv-ss-active-pack\/#primaryimage"},"image":{"@id":"https:\/\/lorga.es\/producto\/peugeot-3008-1-5-bluehdi-manual-130cv-ss-active-pack\/#primaryimage"},"thumbnailUrl":"https:\/\/lorga.es\/wp-content\/uploads\/2025\/12\/1-1.jpg","datePublished":"2025-12-03T15:11:31+00:00","dateModified":"2026-04-13T13:11:22+00:00","breadcrumb":{"@id":"https:\/\/lorga.es\/producto\/peugeot-3008-1-5-bluehdi-manual-130cv-ss-active-pack\/#breadcrumb"},"inLanguage":"gl-ES","potentialAction":[{"@type":"ReadAction","target":["https:\/\/lorga.es\/producto\/peugeot-3008-1-5-bluehdi-manual-130cv-ss-active-pack\/"]}]},{"@type":"ImageObject","inLanguage":"gl-ES","@id":"https:\/\/lorga.es\/producto\/peugeot-3008-1-5-bluehdi-manual-130cv-ss-active-pack\/#primaryimage","url":"https:\/\/lorga.es\/wp-content\/uploads\/2025\/12\/1-1.jpg","contentUrl":"https:\/\/lorga.es\/wp-content\/uploads\/2025\/12\/1-1.jpg","width":640,"height":480},{"@type":"BreadcrumbList","@id":"https:\/\/lorga.es\/producto\/peugeot-3008-1-5-bluehdi-manual-130cv-ss-active-pack\/#breadcrumb","itemListElement":[{"@type":"ListItem","position":1,"name":"Portada","item":"https:\/\/lorga.es\/"},{"@type":"ListItem","position":2,"name":"Tienda","item":"https:\/\/lorga.es\/tienda\/"},{"@type":"ListItem","position":3,"name":"PEUGEOT 3008 1.5 BlueHDi Manual 130CV SS Active Pack"}]},{"@type":"WebSite","@id":"https:\/\/lorga.es\/#website","url":"https:\/\/lorga.es\/","name":"Lorga - Taller de coches En A Coru\u00f1a. Veh\u00edculos usados y nuevos","description":"Tu taller de reparaci\u00f3n mec\u00e1nica en A Coru\u00f1a. Carrocer\u00eda, chapa y pintura. Venta de coches nuevos y usados para toda Galicia","potentialAction":[{"@type":"SearchAction","target":{"@type":"EntryPoint","urlTemplate":"https:\/\/lorga.es\/?s={search_term_string}"},"query-input":{"@type":"PropertyValueSpecification","valueRequired":true,"valueName":"search_term_string"}}],"inLanguage":"gl-ES"}]}},"_links":{"self":[{"href":"https:\/\/lorga.es\/gl\/wp-json\/wp\/v2\/product\/2017","targetHints":{"allow":["GET"]}}],"collection":[{"href":"https:\/\/lorga.es\/gl\/wp-json\/wp\/v2\/product"}],"about":[{"href":"https:\/\/lorga.es\/gl\/wp-json\/wp\/v2\/types\/product"}],"replies":[{"embeddable":true,"href":"https:\/\/lorga.es\/gl\/wp-json\/wp\/v2\/comments?post=2017"}],"wp:featuredmedia":[{"embeddable":true,"href":"https:\/\/lorga.es\/gl\/wp-json\/wp\/v2\/media\/2205"}],"wp:attachment":[{"href":"https:\/\/lorga.es\/gl\/wp-json\/wp\/v2\/media?parent=2017"}],"wp:term":[{"taxonomy":"product_brand","embeddable":true,"href":"https:\/\/lorga.es\/gl\/wp-json\/wp\/v2\/product_brand?post=2017"},{"taxonomy":"product_cat","embeddable":true,"href":"https:\/\/lorga.es\/gl\/wp-json\/wp\/v2\/product_cat?post=2017"},{"taxonomy":"product_tag","embeddable":true,"href":"https:\/\/lorga.es\/gl\/wp-json\/wp\/v2\/product_tag?post=2017"}],"curies":[{"name":"wp","href":"https:\/\/api.w.org\/{rel}","templated":true}]}}