{"id":2081,"date":"2026-01-22T12:35:21","date_gmt":"2026-01-22T11:35:21","guid":{"rendered":"https:\/\/lorga.es\/?post_type=product&#038;p=2081"},"modified":"2026-01-22T15:13:05","modified_gmt":"2026-01-22T14:13:05","slug":"peugeot-2008-active-pack-bluehdi-81kw-110cv","status":"publish","type":"product","link":"https:\/\/lorga.es\/gl\/producto\/peugeot-2008-active-pack-bluehdi-81kw-110cv\/","title":{"rendered":"PEUGEOT 2008 Active Pack BlueHDI 81kW 110CV"},"content":{"rendered":"<p>PEUGEOT &#8211; 2008 Active Pack BlueHDi 81kW 110CV Cambio Manual 6 vel. Precio al contado 15.900 \u20ac. Veh\u00edculo Nacional matriculado en 08\/2021 con 91.500 km y libro de mantenimiento.\u00a1 No dejes pasar esta oportunidad ! Impecable Peugeot 2008 Active Pack BlueHDI 110 cv. 6 velocidades. Veh\u00edculo con libro de mantenimiento digital, todas sus revisiones al d\u00eda y un Gran Equipamiento: Terminaci\u00f3n Active Pack*<br \/>\n*Faros Led *Luces diurnas Led*Faros antiniebla LED con Funci\u00f3n de Giro* Llantas de aleaci\u00f3n* Lectura de Se\u00f1ales de Tr\u00e1fico* Asistente mantenimiento de carril<br \/>\n*Sistema de Pre-Colisi\u00f3n *Avisador y Asistente de Cambio Involuntario de Carril * Pantalla Digital T\u00e1ctil Grande con Sistema Multimedia y USB<br \/>\n*Sensores de Parking Traseros* Pantalla con sistema Apple Car-Play y Android Auto* Transferido y con 1 a\u00f1o de garant\u00eda.<\/p>\n","protected":false},"excerpt":{"rendered":"<p><strong>Marca<\/strong>: Peugeot<br \/>\n<strong>Modelo<\/strong>: 2008 Active<br \/>\n<strong>Versi\u00f3n<\/strong>: Active Pack Line 6 vel. Manual<br \/>\n<strong>A\u00f1o<\/strong>:\u00a0 2021<br \/>\n<strong>Kil\u00f3metros<\/strong>: 69.990<br \/>\n<strong>Motor<\/strong>: BlueHdi 110cv<\/p>\n","protected":false},"featured_media":2082,"comment_status":"open","ping_status":"closed","template":"","meta":{"_et_pb_use_builder":"","_et_pb_old_content":"","_et_gb_content_width":""},"product_brand":[],"product_cat":[22],"product_tag":[],"class_list":{"0":"post-2081","1":"product","2":"type-product","3":"status-publish","4":"has-post-thumbnail","6":"product_cat-coches-de-segunda-mano","8":"first","9":"instock","10":"shipping-taxable","11":"purchasable","12":"product-type-simple"},"yoast_head":"<!-- This site is optimized with the Yoast SEO plugin v26.2 - https:\/\/yoast.com\/wordpress\/plugins\/seo\/ -->\n<title>PEUGEOT 2008 Active Pack BlueHDI 81kW 110CV - Lorga - Taller de coches En A Coru\u00f1a. Veh\u00edculos usados y nuevos<\/title>\n<meta name=\"robots\" content=\"index, follow, max-snippet:-1, max-image-preview:large, max-video-preview:-1\" \/>\n<link rel=\"canonical\" href=\"https:\/\/lorga.es\/producto\/peugeot-2008-active-pack-bluehdi-81kw-110cv\/\" \/>\n<meta property=\"og:locale\" content=\"gl_ES\" \/>\n<meta property=\"og:type\" content=\"article\" \/>\n<meta property=\"og:title\" content=\"PEUGEOT 2008 Active Pack BlueHDI 81kW 110CV - Lorga - Taller de coches En A Coru\u00f1a. Veh\u00edculos usados y nuevos\" \/>\n<meta property=\"og:description\" content=\"Marca: Peugeot Modelo: 2008 Active Versi\u00f3n: Active Pack Line 6 vel. Manual A\u00f1o:\u00a0 2021 Kil\u00f3metros: 69.990 Motor: BlueHdi 110cv\" \/>\n<meta property=\"og:url\" content=\"https:\/\/lorga.es\/producto\/peugeot-2008-active-pack-bluehdi-81kw-110cv\/\" \/>\n<meta property=\"og:site_name\" content=\"Lorga - Taller de coches En A Coru\u00f1a. Veh\u00edculos usados y nuevos\" \/>\n<meta property=\"article:modified_time\" content=\"2026-01-22T14:13:05+00:00\" \/>\n<meta property=\"og:image\" content=\"https:\/\/lorga.es\/wp-content\/uploads\/2026\/01\/3.jpg\" \/>\n\t<meta property=\"og:image:width\" content=\"640\" \/>\n\t<meta property=\"og:image:height\" content=\"480\" \/>\n\t<meta property=\"og:image:type\" content=\"image\/jpeg\" \/>\n<meta name=\"twitter:card\" content=\"summary_large_image\" \/>\n<meta name=\"twitter:label1\" content=\"Tempo de lectura\" \/>\n\t<meta name=\"twitter:data1\" content=\"1 minuto\" \/>\n<script type=\"application\/ld+json\" class=\"yoast-schema-graph\">{\"@context\":\"https:\/\/schema.org\",\"@graph\":[{\"@type\":\"WebPage\",\"@id\":\"https:\/\/lorga.es\/producto\/peugeot-2008-active-pack-bluehdi-81kw-110cv\/\",\"url\":\"https:\/\/lorga.es\/producto\/peugeot-2008-active-pack-bluehdi-81kw-110cv\/\",\"name\":\"PEUGEOT 2008 Active Pack BlueHDI 81kW 110CV - Lorga - Taller de coches En A Coru\u00f1a. Veh\u00edculos usados y nuevos\",\"isPartOf\":{\"@id\":\"https:\/\/lorga.es\/#website\"},\"primaryImageOfPage\":{\"@id\":\"https:\/\/lorga.es\/producto\/peugeot-2008-active-pack-bluehdi-81kw-110cv\/#primaryimage\"},\"image\":{\"@id\":\"https:\/\/lorga.es\/producto\/peugeot-2008-active-pack-bluehdi-81kw-110cv\/#primaryimage\"},\"thumbnailUrl\":\"https:\/\/lorga.es\/wp-content\/uploads\/2026\/01\/3.jpg\",\"datePublished\":\"2026-01-22T11:35:21+00:00\",\"dateModified\":\"2026-01-22T14:13:05+00:00\",\"breadcrumb\":{\"@id\":\"https:\/\/lorga.es\/producto\/peugeot-2008-active-pack-bluehdi-81kw-110cv\/#breadcrumb\"},\"inLanguage\":\"gl-ES\",\"potentialAction\":[{\"@type\":\"ReadAction\",\"target\":[\"https:\/\/lorga.es\/producto\/peugeot-2008-active-pack-bluehdi-81kw-110cv\/\"]}]},{\"@type\":\"ImageObject\",\"inLanguage\":\"gl-ES\",\"@id\":\"https:\/\/lorga.es\/producto\/peugeot-2008-active-pack-bluehdi-81kw-110cv\/#primaryimage\",\"url\":\"https:\/\/lorga.es\/wp-content\/uploads\/2026\/01\/3.jpg\",\"contentUrl\":\"https:\/\/lorga.es\/wp-content\/uploads\/2026\/01\/3.jpg\",\"width\":640,\"height\":480},{\"@type\":\"BreadcrumbList\",\"@id\":\"https:\/\/lorga.es\/producto\/peugeot-2008-active-pack-bluehdi-81kw-110cv\/#breadcrumb\",\"itemListElement\":[{\"@type\":\"ListItem\",\"position\":1,\"name\":\"Portada\",\"item\":\"https:\/\/lorga.es\/\"},{\"@type\":\"ListItem\",\"position\":2,\"name\":\"Tienda\",\"item\":\"https:\/\/lorga.es\/tienda\/\"},{\"@type\":\"ListItem\",\"position\":3,\"name\":\"PEUGEOT 2008 Active Pack BlueHDI 81kW 110CV\"}]},{\"@type\":\"WebSite\",\"@id\":\"https:\/\/lorga.es\/#website\",\"url\":\"https:\/\/lorga.es\/\",\"name\":\"Lorga - Taller de coches En A Coru\u00f1a. Veh\u00edculos usados y nuevos\",\"description\":\"Tu taller de reparaci\u00f3n mec\u00e1nica en A Coru\u00f1a. Carrocer\u00eda, chapa y pintura. Venta de coches nuevos y usados para toda Galicia\",\"potentialAction\":[{\"@type\":\"SearchAction\",\"target\":{\"@type\":\"EntryPoint\",\"urlTemplate\":\"https:\/\/lorga.es\/?s={search_term_string}\"},\"query-input\":{\"@type\":\"PropertyValueSpecification\",\"valueRequired\":true,\"valueName\":\"search_term_string\"}}],\"inLanguage\":\"gl-ES\"}]}<\/script>\n<!-- \/ Yoast SEO plugin. -->","yoast_head_json":{"title":"PEUGEOT 2008 Active Pack BlueHDI 81kW 110CV - Lorga - Taller de coches En A Coru\u00f1a. Veh\u00edculos usados y nuevos","robots":{"index":"index","follow":"follow","max-snippet":"max-snippet:-1","max-image-preview":"max-image-preview:large","max-video-preview":"max-video-preview:-1"},"canonical":"https:\/\/lorga.es\/producto\/peugeot-2008-active-pack-bluehdi-81kw-110cv\/","og_locale":"gl_ES","og_type":"article","og_title":"PEUGEOT 2008 Active Pack BlueHDI 81kW 110CV - Lorga - Taller de coches En A Coru\u00f1a. Veh\u00edculos usados y nuevos","og_description":"Marca: Peugeot Modelo: 2008 Active Versi\u00f3n: Active Pack Line 6 vel. Manual A\u00f1o:\u00a0 2021 Kil\u00f3metros: 69.990 Motor: BlueHdi 110cv","og_url":"https:\/\/lorga.es\/producto\/peugeot-2008-active-pack-bluehdi-81kw-110cv\/","og_site_name":"Lorga - Taller de coches En A Coru\u00f1a. Veh\u00edculos usados y nuevos","article_modified_time":"2026-01-22T14:13:05+00:00","og_image":[{"width":640,"height":480,"url":"https:\/\/lorga.es\/wp-content\/uploads\/2026\/01\/3.jpg","type":"image\/jpeg"}],"twitter_card":"summary_large_image","twitter_misc":{"Tempo de lectura":"1 minuto"},"schema":{"@context":"https:\/\/schema.org","@graph":[{"@type":"WebPage","@id":"https:\/\/lorga.es\/producto\/peugeot-2008-active-pack-bluehdi-81kw-110cv\/","url":"https:\/\/lorga.es\/producto\/peugeot-2008-active-pack-bluehdi-81kw-110cv\/","name":"PEUGEOT 2008 Active Pack BlueHDI 81kW 110CV - Lorga - Taller de coches En A Coru\u00f1a. Veh\u00edculos usados y nuevos","isPartOf":{"@id":"https:\/\/lorga.es\/#website"},"primaryImageOfPage":{"@id":"https:\/\/lorga.es\/producto\/peugeot-2008-active-pack-bluehdi-81kw-110cv\/#primaryimage"},"image":{"@id":"https:\/\/lorga.es\/producto\/peugeot-2008-active-pack-bluehdi-81kw-110cv\/#primaryimage"},"thumbnailUrl":"https:\/\/lorga.es\/wp-content\/uploads\/2026\/01\/3.jpg","datePublished":"2026-01-22T11:35:21+00:00","dateModified":"2026-01-22T14:13:05+00:00","breadcrumb":{"@id":"https:\/\/lorga.es\/producto\/peugeot-2008-active-pack-bluehdi-81kw-110cv\/#breadcrumb"},"inLanguage":"gl-ES","potentialAction":[{"@type":"ReadAction","target":["https:\/\/lorga.es\/producto\/peugeot-2008-active-pack-bluehdi-81kw-110cv\/"]}]},{"@type":"ImageObject","inLanguage":"gl-ES","@id":"https:\/\/lorga.es\/producto\/peugeot-2008-active-pack-bluehdi-81kw-110cv\/#primaryimage","url":"https:\/\/lorga.es\/wp-content\/uploads\/2026\/01\/3.jpg","contentUrl":"https:\/\/lorga.es\/wp-content\/uploads\/2026\/01\/3.jpg","width":640,"height":480},{"@type":"BreadcrumbList","@id":"https:\/\/lorga.es\/producto\/peugeot-2008-active-pack-bluehdi-81kw-110cv\/#breadcrumb","itemListElement":[{"@type":"ListItem","position":1,"name":"Portada","item":"https:\/\/lorga.es\/"},{"@type":"ListItem","position":2,"name":"Tienda","item":"https:\/\/lorga.es\/tienda\/"},{"@type":"ListItem","position":3,"name":"PEUGEOT 2008 Active Pack BlueHDI 81kW 110CV"}]},{"@type":"WebSite","@id":"https:\/\/lorga.es\/#website","url":"https:\/\/lorga.es\/","name":"Lorga - Taller de coches En A Coru\u00f1a. Veh\u00edculos usados y nuevos","description":"Tu taller de reparaci\u00f3n mec\u00e1nica en A Coru\u00f1a. Carrocer\u00eda, chapa y pintura. Venta de coches nuevos y usados para toda Galicia","potentialAction":[{"@type":"SearchAction","target":{"@type":"EntryPoint","urlTemplate":"https:\/\/lorga.es\/?s={search_term_string}"},"query-input":{"@type":"PropertyValueSpecification","valueRequired":true,"valueName":"search_term_string"}}],"inLanguage":"gl-ES"}]}},"_links":{"self":[{"href":"https:\/\/lorga.es\/gl\/wp-json\/wp\/v2\/product\/2081","targetHints":{"allow":["GET"]}}],"collection":[{"href":"https:\/\/lorga.es\/gl\/wp-json\/wp\/v2\/product"}],"about":[{"href":"https:\/\/lorga.es\/gl\/wp-json\/wp\/v2\/types\/product"}],"replies":[{"embeddable":true,"href":"https:\/\/lorga.es\/gl\/wp-json\/wp\/v2\/comments?post=2081"}],"wp:featuredmedia":[{"embeddable":true,"href":"https:\/\/lorga.es\/gl\/wp-json\/wp\/v2\/media\/2082"}],"wp:attachment":[{"href":"https:\/\/lorga.es\/gl\/wp-json\/wp\/v2\/media?parent=2081"}],"wp:term":[{"taxonomy":"product_brand","embeddable":true,"href":"https:\/\/lorga.es\/gl\/wp-json\/wp\/v2\/product_brand?post=2081"},{"taxonomy":"product_cat","embeddable":true,"href":"https:\/\/lorga.es\/gl\/wp-json\/wp\/v2\/product_cat?post=2081"},{"taxonomy":"product_tag","embeddable":true,"href":"https:\/\/lorga.es\/gl\/wp-json\/wp\/v2\/product_tag?post=2081"}],"curies":[{"name":"wp","href":"https:\/\/api.w.org\/{rel}","templated":true}]}}