{"id":2412,"date":"2026-05-08T16:10:10","date_gmt":"2026-05-08T14:10:10","guid":{"rendered":"https:\/\/lorga.es\/?post_type=product&#038;p=2412"},"modified":"2026-05-08T17:57:59","modified_gmt":"2026-05-08T15:57:59","slug":"transit-c-max-trend-1-6-tdci-115-cv","status":"publish","type":"product","link":"https:\/\/lorga.es\/gl\/producto\/transit-c-max-trend-1-6-tdci-115-cv\/","title":{"rendered":"Transit C-MAX TREND+ 1.6 TDCI 115 CV."},"content":{"rendered":"<p>Excelente monovolumen de tama\u00f1o medio en un estado impecable . 5 plazas . Distintivo medioambiental b. Gran equipamiento, muy vers\u00e1til con consumos bajos y un rendimiento incre\u00edble . 5 plazas . Se entrega revisado y limpio con ITV en vigor<br \/>\n-Cambio de titularidad incluido<br \/>\n-Si vienes de fuera, vamos a buscarte a la estaci\u00f3n o aeropuerto.<br \/>\n-Recogemos tu veh\u00edculo como parte de pago.<br \/>\n&#8211; 1 a\u00f1o de garant\u00eda<\/p>\n<p><strong>Caracter\u00edsticas principales:<\/strong><\/p>\n<p>Motor 1.6 TDCi de 115CV: bajo consumo y excelente rendimiento<\/p>\n<p>322.900 km, con historial de mantenimiento al d\u00eda<\/p>\n<p>Gran capacidad de carga y excelente Versatilidad<\/p>\n<p>Climatizador Bi- Zona, radio CD\/MP3 USB, elevalunas el\u00e9ctricos, cierre centralizado y m\u00e1s<\/p>\n<p>ITV en vigor<\/p>\n<p>Veh\u00edculo completamente revisado por nuestros mec\u00e1nicos.<\/p>\n<p>Su espacio de carga amplio y su consumo reducido la convierten en una herramienta de trabajo rentable y eficiente.<\/p>\n<p>? \u00bfPor qu\u00e9 comprar en Autom\u00f3viles Lorga?<\/p>\n<p>M\u00e1s de 50 a\u00f1os de experiencia en el sector<\/p>\n<p>Todos nuestros veh\u00edculos se entregan revisados y con garant\u00eda<\/p>\n<p>Asesoramiento personalizado y financiaci\u00f3n a tu medida<\/p>\n<p>Compramos tu coche usado como parte de pago<\/p>\n<p>?? Ven a visitarnos y pru\u00e9bala sin compromiso.<br \/>\n?? Contacta con nosotros hoy en el 981 22 24 22 y ll\u00e9vate una furgoneta lista para seguir trabajando.<\/p>\n<p>Autom\u00f3viles Lorga \u2013 Tu confianza sobre ruedas.<\/p>\n<p>Todos los datos y fotograf\u00edas reflejados en el anuncio son de buena fe, no se descartan errores de edici\u00f3n, ante cualquier duda cons\u00faltenos.<\/p>\n<p><strong>Caracter\u00edsticas:<\/strong><\/p>\n<ul>\n<li>Climatizador<\/li>\n<li>Navegador<\/li>\n<li>Ordenador de Abordo<\/li>\n<li>Programador de velocidad y limitador de velocidad<\/li>\n<li>Bluetooth<\/li>\n<li>Transmisi\u00f3n manual 5 velocidades y 115 cv de potencia<\/li>\n<li>Volante Multi-Funci\u00f3n y ajustable en altura<\/li>\n<li>Equipo de audio con radio AM\/FM\/LW, reproductor de USB<\/li>\n<li>Cierre centralizado con Mando<\/li>\n<li>Elevalunas El\u00e9ctricos<\/li>\n<li>ABS y\u00a0 Control de Tracci\u00f3n<\/li>\n<li>Inmovilizador Electr\u00f3nico<\/li>\n<li>Pintura Blanca<\/li>\n<li>Rueda de repuesto con llanta de acero y de tama\u00f1o normal<\/li>\n<li>Airbag frontal del conductor y acompa\u00f1ante<\/li>\n<li>Equipo de audio con mandos en el volante<\/li>\n<li>Tercera luz de freno<\/li>\n<li>\u00a0Admitimos su veh\u00edculo como parte de pago.<\/li>\n<li>\u00a0Gestionamos la baja y desguace de su veh\u00edculo, gratuitamente.<\/li>\n<li>\u00a0Veh\u00edculos revisados y limpios.<\/li>\n<li>\u00a0Posibilidad de financiaci\u00f3n.<\/li>\n<li><strong>El precio del veh\u00edculo 5.990\u20ac\u00a0<\/strong><\/li>\n<\/ul>\n<p>*Consulte condiciones de la financiera<\/p>\n","protected":false},"excerpt":{"rendered":"<p><strong>Marca<\/strong>: Ford<br \/>\n<strong>Modelo<\/strong>: C-Max<br \/>\n<strong>Versi\u00f3n<\/strong>: Tren+<br \/>\n<strong>A\u00f1o<\/strong>: 2014<br \/>\n<strong>Kil\u00f3metros<\/strong>: 322900<br \/>\n<strong>Motor<\/strong>: 1.6 TDCI 1155CV<\/p>\n","protected":false},"featured_media":2413,"comment_status":"open","ping_status":"closed","template":"","meta":{"_et_pb_use_builder":"","_et_pb_old_content":"","_et_gb_content_width":""},"product_brand":[],"product_cat":[22],"product_tag":[],"class_list":{"0":"post-2412","1":"product","2":"type-product","3":"status-publish","4":"has-post-thumbnail","6":"product_cat-coches-de-segunda-mano","8":"first","9":"instock","10":"shipping-taxable","11":"purchasable","12":"product-type-simple"},"yoast_head":"<!-- This site is optimized with the Yoast SEO plugin v26.2 - https:\/\/yoast.com\/wordpress\/plugins\/seo\/ -->\n<title>Transit C-MAX TREND+ 1.6 TDCI 115 CV. - Lorga - Taller de coches En A Coru\u00f1a. Veh\u00edculos usados y nuevos<\/title>\n<meta name=\"robots\" content=\"index, follow, max-snippet:-1, max-image-preview:large, max-video-preview:-1\" \/>\n<link rel=\"canonical\" href=\"https:\/\/lorga.es\/producto\/transit-c-max-trend-1-6-tdci-115-cv\/\" \/>\n<meta property=\"og:locale\" content=\"gl_ES\" \/>\n<meta property=\"og:type\" content=\"article\" \/>\n<meta property=\"og:title\" content=\"Transit C-MAX TREND+ 1.6 TDCI 115 CV. - Lorga - Taller de coches En A Coru\u00f1a. Veh\u00edculos usados y nuevos\" \/>\n<meta property=\"og:description\" content=\"Marca: Ford Modelo: C-Max Versi\u00f3n: Tren+ A\u00f1o: 2014 Kil\u00f3metros: 322900 Motor: 1.6 TDCI 1155CV\" \/>\n<meta property=\"og:url\" content=\"https:\/\/lorga.es\/producto\/transit-c-max-trend-1-6-tdci-115-cv\/\" \/>\n<meta property=\"og:site_name\" content=\"Lorga - Taller de coches En A Coru\u00f1a. Veh\u00edculos usados y nuevos\" \/>\n<meta property=\"article:modified_time\" content=\"2026-05-08T15:57:59+00:00\" \/>\n<meta property=\"og:image\" content=\"https:\/\/lorga.es\/wp-content\/uploads\/2026\/05\/1.jpg\" \/>\n\t<meta property=\"og:image:width\" content=\"640\" \/>\n\t<meta property=\"og:image:height\" content=\"640\" \/>\n\t<meta property=\"og:image:type\" content=\"image\/jpeg\" \/>\n<meta name=\"twitter:card\" content=\"summary_large_image\" \/>\n<meta name=\"twitter:label1\" content=\"Tempo de lectura\" \/>\n\t<meta name=\"twitter:data1\" content=\"2 minutos\" \/>\n<script type=\"application\/ld+json\" class=\"yoast-schema-graph\">{\"@context\":\"https:\/\/schema.org\",\"@graph\":[{\"@type\":\"WebPage\",\"@id\":\"https:\/\/lorga.es\/producto\/transit-c-max-trend-1-6-tdci-115-cv\/\",\"url\":\"https:\/\/lorga.es\/producto\/transit-c-max-trend-1-6-tdci-115-cv\/\",\"name\":\"Transit C-MAX TREND+ 1.6 TDCI 115 CV. - Lorga - Taller de coches En A Coru\u00f1a. Veh\u00edculos usados y nuevos\",\"isPartOf\":{\"@id\":\"https:\/\/lorga.es\/#website\"},\"primaryImageOfPage\":{\"@id\":\"https:\/\/lorga.es\/producto\/transit-c-max-trend-1-6-tdci-115-cv\/#primaryimage\"},\"image\":{\"@id\":\"https:\/\/lorga.es\/producto\/transit-c-max-trend-1-6-tdci-115-cv\/#primaryimage\"},\"thumbnailUrl\":\"https:\/\/lorga.es\/wp-content\/uploads\/2026\/05\/1.jpg\",\"datePublished\":\"2026-05-08T14:10:10+00:00\",\"dateModified\":\"2026-05-08T15:57:59+00:00\",\"breadcrumb\":{\"@id\":\"https:\/\/lorga.es\/producto\/transit-c-max-trend-1-6-tdci-115-cv\/#breadcrumb\"},\"inLanguage\":\"gl-ES\",\"potentialAction\":[{\"@type\":\"ReadAction\",\"target\":[\"https:\/\/lorga.es\/producto\/transit-c-max-trend-1-6-tdci-115-cv\/\"]}]},{\"@type\":\"ImageObject\",\"inLanguage\":\"gl-ES\",\"@id\":\"https:\/\/lorga.es\/producto\/transit-c-max-trend-1-6-tdci-115-cv\/#primaryimage\",\"url\":\"https:\/\/lorga.es\/wp-content\/uploads\/2026\/05\/1.jpg\",\"contentUrl\":\"https:\/\/lorga.es\/wp-content\/uploads\/2026\/05\/1.jpg\",\"width\":640,\"height\":640},{\"@type\":\"BreadcrumbList\",\"@id\":\"https:\/\/lorga.es\/producto\/transit-c-max-trend-1-6-tdci-115-cv\/#breadcrumb\",\"itemListElement\":[{\"@type\":\"ListItem\",\"position\":1,\"name\":\"Portada\",\"item\":\"https:\/\/lorga.es\/\"},{\"@type\":\"ListItem\",\"position\":2,\"name\":\"Tienda\",\"item\":\"https:\/\/lorga.es\/tienda\/\"},{\"@type\":\"ListItem\",\"position\":3,\"name\":\"Transit C-MAX TREND+ 1.6 TDCI 115 CV.\"}]},{\"@type\":\"WebSite\",\"@id\":\"https:\/\/lorga.es\/#website\",\"url\":\"https:\/\/lorga.es\/\",\"name\":\"Lorga - Taller de coches En A Coru\u00f1a. Veh\u00edculos usados y nuevos\",\"description\":\"Tu taller de reparaci\u00f3n mec\u00e1nica en A Coru\u00f1a. Carrocer\u00eda, chapa y pintura. Venta de coches nuevos y usados para toda Galicia\",\"potentialAction\":[{\"@type\":\"SearchAction\",\"target\":{\"@type\":\"EntryPoint\",\"urlTemplate\":\"https:\/\/lorga.es\/?s={search_term_string}\"},\"query-input\":{\"@type\":\"PropertyValueSpecification\",\"valueRequired\":true,\"valueName\":\"search_term_string\"}}],\"inLanguage\":\"gl-ES\"}]}<\/script>\n<!-- \/ Yoast SEO plugin. -->","yoast_head_json":{"title":"Transit C-MAX TREND+ 1.6 TDCI 115 CV. - Lorga - Taller de coches En A Coru\u00f1a. Veh\u00edculos usados y nuevos","robots":{"index":"index","follow":"follow","max-snippet":"max-snippet:-1","max-image-preview":"max-image-preview:large","max-video-preview":"max-video-preview:-1"},"canonical":"https:\/\/lorga.es\/producto\/transit-c-max-trend-1-6-tdci-115-cv\/","og_locale":"gl_ES","og_type":"article","og_title":"Transit C-MAX TREND+ 1.6 TDCI 115 CV. - Lorga - Taller de coches En A Coru\u00f1a. Veh\u00edculos usados y nuevos","og_description":"Marca: Ford Modelo: C-Max Versi\u00f3n: Tren+ A\u00f1o: 2014 Kil\u00f3metros: 322900 Motor: 1.6 TDCI 1155CV","og_url":"https:\/\/lorga.es\/producto\/transit-c-max-trend-1-6-tdci-115-cv\/","og_site_name":"Lorga - Taller de coches En A Coru\u00f1a. Veh\u00edculos usados y nuevos","article_modified_time":"2026-05-08T15:57:59+00:00","og_image":[{"width":640,"height":640,"url":"https:\/\/lorga.es\/wp-content\/uploads\/2026\/05\/1.jpg","type":"image\/jpeg"}],"twitter_card":"summary_large_image","twitter_misc":{"Tempo de lectura":"2 minutos"},"schema":{"@context":"https:\/\/schema.org","@graph":[{"@type":"WebPage","@id":"https:\/\/lorga.es\/producto\/transit-c-max-trend-1-6-tdci-115-cv\/","url":"https:\/\/lorga.es\/producto\/transit-c-max-trend-1-6-tdci-115-cv\/","name":"Transit C-MAX TREND+ 1.6 TDCI 115 CV. - Lorga - Taller de coches En A Coru\u00f1a. Veh\u00edculos usados y nuevos","isPartOf":{"@id":"https:\/\/lorga.es\/#website"},"primaryImageOfPage":{"@id":"https:\/\/lorga.es\/producto\/transit-c-max-trend-1-6-tdci-115-cv\/#primaryimage"},"image":{"@id":"https:\/\/lorga.es\/producto\/transit-c-max-trend-1-6-tdci-115-cv\/#primaryimage"},"thumbnailUrl":"https:\/\/lorga.es\/wp-content\/uploads\/2026\/05\/1.jpg","datePublished":"2026-05-08T14:10:10+00:00","dateModified":"2026-05-08T15:57:59+00:00","breadcrumb":{"@id":"https:\/\/lorga.es\/producto\/transit-c-max-trend-1-6-tdci-115-cv\/#breadcrumb"},"inLanguage":"gl-ES","potentialAction":[{"@type":"ReadAction","target":["https:\/\/lorga.es\/producto\/transit-c-max-trend-1-6-tdci-115-cv\/"]}]},{"@type":"ImageObject","inLanguage":"gl-ES","@id":"https:\/\/lorga.es\/producto\/transit-c-max-trend-1-6-tdci-115-cv\/#primaryimage","url":"https:\/\/lorga.es\/wp-content\/uploads\/2026\/05\/1.jpg","contentUrl":"https:\/\/lorga.es\/wp-content\/uploads\/2026\/05\/1.jpg","width":640,"height":640},{"@type":"BreadcrumbList","@id":"https:\/\/lorga.es\/producto\/transit-c-max-trend-1-6-tdci-115-cv\/#breadcrumb","itemListElement":[{"@type":"ListItem","position":1,"name":"Portada","item":"https:\/\/lorga.es\/"},{"@type":"ListItem","position":2,"name":"Tienda","item":"https:\/\/lorga.es\/tienda\/"},{"@type":"ListItem","position":3,"name":"Transit C-MAX TREND+ 1.6 TDCI 115 CV."}]},{"@type":"WebSite","@id":"https:\/\/lorga.es\/#website","url":"https:\/\/lorga.es\/","name":"Lorga - Taller de coches En A Coru\u00f1a. Veh\u00edculos usados y nuevos","description":"Tu taller de reparaci\u00f3n mec\u00e1nica en A Coru\u00f1a. Carrocer\u00eda, chapa y pintura. Venta de coches nuevos y usados para toda Galicia","potentialAction":[{"@type":"SearchAction","target":{"@type":"EntryPoint","urlTemplate":"https:\/\/lorga.es\/?s={search_term_string}"},"query-input":{"@type":"PropertyValueSpecification","valueRequired":true,"valueName":"search_term_string"}}],"inLanguage":"gl-ES"}]}},"_links":{"self":[{"href":"https:\/\/lorga.es\/gl\/wp-json\/wp\/v2\/product\/2412","targetHints":{"allow":["GET"]}}],"collection":[{"href":"https:\/\/lorga.es\/gl\/wp-json\/wp\/v2\/product"}],"about":[{"href":"https:\/\/lorga.es\/gl\/wp-json\/wp\/v2\/types\/product"}],"replies":[{"embeddable":true,"href":"https:\/\/lorga.es\/gl\/wp-json\/wp\/v2\/comments?post=2412"}],"wp:featuredmedia":[{"embeddable":true,"href":"https:\/\/lorga.es\/gl\/wp-json\/wp\/v2\/media\/2413"}],"wp:attachment":[{"href":"https:\/\/lorga.es\/gl\/wp-json\/wp\/v2\/media?parent=2412"}],"wp:term":[{"taxonomy":"product_brand","embeddable":true,"href":"https:\/\/lorga.es\/gl\/wp-json\/wp\/v2\/product_brand?post=2412"},{"taxonomy":"product_cat","embeddable":true,"href":"https:\/\/lorga.es\/gl\/wp-json\/wp\/v2\/product_cat?post=2412"},{"taxonomy":"product_tag","embeddable":true,"href":"https:\/\/lorga.es\/gl\/wp-json\/wp\/v2\/product_tag?post=2412"}],"curies":[{"name":"wp","href":"https:\/\/api.w.org\/{rel}","templated":true}]}}