{"id":379,"date":"2023-12-04T16:03:22","date_gmt":"2023-12-04T16:03:22","guid":{"rendered":"http:\/\/galeus.es\/lorga\/?post_type=product&#038;p=379"},"modified":"2025-05-21T17:48:13","modified_gmt":"2025-05-21T15:48:13","slug":"ford-transit-350-130cv-l4-h3-traccion-delantera","status":"publish","type":"product","link":"https:\/\/lorga.es\/gl\/producto\/ford-transit-350-130cv-l4-h3-traccion-delantera\/","title":{"rendered":"FORD TRANSIT 350 130CV L4-H3 TRACCI\u00d3N DELANTERA"},"content":{"rendered":"<p>IVA DEDUCIBLE\u00a020.578 \u20ac + IVA\u00a0 24.900 \u20ac Ford Transit Furg\u00f3n L4 Larga H3 Elevada 130 cv. terminaci\u00f3n Trend, euro 6, distintivo ambiental C, 91.000 km., aire acondicionado, control y limitador de velocidad, sensores de parking delanteros y traseros, espejos el\u00e9ctricos, puertas 270\u00ba, faros antiniebla, 6 velocidades, elevalunas el\u00e9ctricos, cierre centralizado, bluetooth manos libres, ordenador de abordo, mandos al volante de cuero, airbag, abs, esp<br \/>\nl4-h3 semielevada-larga-4 puertas furg\u00f3n, motor di\u00e9sel 4cilindros 2. 198cc. precio capacidad legal de carga 3325 kg, historial mantenimiento completo -kil\u00f3metros certificados. estado general del veh\u00edculo muy bueno como pueden ver en las fotos y de mec\u00e1nica se entrega revisada.\u00a0 incluye transferencia * este anuncio no es vinculante, puede contener errores, se muestra a t\u00edtulo informativo y no contractual.<\/p>\n<p>Caracter\u00edsticas:<\/p>\n<ul>\n<li>Aire Acondicionado<\/li>\n<li>Control Y limitador de velocidad<\/li>\n<li>Sensores de aparcamiento delante y detr\u00e1s<\/li>\n<li>Puertas Traseras 270\u00ba<\/li>\n<li>Faros de niebla<\/li>\n<li>Tracci\u00f3n Delantera<\/li>\n<li>Bluetooth<\/li>\n<li>Elevalunas El\u00e9ctricos<\/li>\n<li>Cierre centralizado<\/li>\n<li>ABS<\/li>\n<li>Inmovilizador<\/li>\n<li>Volante multi-funci\u00f3n<\/li>\n<li>Equipo de audio con radio AM\/FM\/LW, reproductor de CD, RDS<\/li>\n<li>Transmisi\u00f3n manual de 6 velocidades con palanca en salpicadero<\/li>\n<li>Potencia de 130 CV (CEE)<\/li>\n<li>\u00a0Admitimos su veh\u00edculo como parte de pago.<\/li>\n<li>\u00a0Gestionamos la baja y desguace de su veh\u00edculo, gratuitamente.<\/li>\n<li>\u00a0Veh\u00edculos revisados y limpieza interior hecha<\/li>\n<li>\u00a0Con factura, IVA incluido y documentaci\u00f3n en regla.<\/li>\n<li>\u00a0Posibilidad de financiaci\u00f3n, consulte condiciones.<\/li>\n<li>\u00a0Veh\u00edculo con un a\u00f1o de garant\u00eda y transferido.<\/li>\n<\/ul>\n<p><em>*Consulte condiciones de la financiera<\/em><\/p>\n","protected":false},"excerpt":{"rendered":"<p><strong>Marca<\/strong>:Ford<br \/>\n<strong>Modelo<\/strong>: Ford Transit 2T L4H3<br \/>\n<strong>Versi\u00f3n<\/strong>: Van, Delantera, Trend<br \/>\n<strong>A\u00f1o<\/strong>: 2018<br \/>\n<strong>Kil\u00f3metros<\/strong>: 189.000<br \/>\n<strong>Motor<\/strong>: 2.2 TDCI 130 CV<\/p>\n","protected":false},"featured_media":380,"comment_status":"open","ping_status":"closed","template":"","meta":{"_et_pb_use_builder":"","_et_pb_old_content":"","_et_gb_content_width":""},"product_brand":[],"product_cat":[22],"product_tag":[],"class_list":{"0":"post-379","1":"product","2":"type-product","3":"status-publish","4":"has-post-thumbnail","6":"product_cat-coches-de-segunda-mano","8":"first","9":"instock","10":"shipping-taxable","11":"purchasable","12":"product-type-simple"},"yoast_head":"<!-- This site is optimized with the Yoast SEO plugin v26.2 - https:\/\/yoast.com\/wordpress\/plugins\/seo\/ -->\n<title>FORD TRANSIT 350 130CV L4-H3 TRACCI\u00d3N DELANTERA - Lorga - Taller de coches En A Coru\u00f1a. Veh\u00edculos usados y nuevos<\/title>\n<meta name=\"robots\" content=\"index, follow, max-snippet:-1, max-image-preview:large, max-video-preview:-1\" \/>\n<link rel=\"canonical\" href=\"https:\/\/lorga.es\/producto\/ford-transit-350-130cv-l4-h3-traccion-delantera\/\" \/>\n<meta property=\"og:locale\" content=\"gl_ES\" \/>\n<meta property=\"og:type\" content=\"article\" \/>\n<meta property=\"og:title\" content=\"FORD TRANSIT 350 130CV L4-H3 TRACCI\u00d3N DELANTERA - Lorga - Taller de coches En A Coru\u00f1a. Veh\u00edculos usados y nuevos\" \/>\n<meta property=\"og:description\" content=\"Marca:Ford Modelo: Ford Transit 2T L4H3 Versi\u00f3n: Van, Delantera, Trend A\u00f1o: 2018 Kil\u00f3metros: 189.000 Motor: 2.2 TDCI 130 CV\" \/>\n<meta property=\"og:url\" content=\"https:\/\/lorga.es\/producto\/ford-transit-350-130cv-l4-h3-traccion-delantera\/\" \/>\n<meta property=\"og:site_name\" content=\"Lorga - Taller de coches En A Coru\u00f1a. Veh\u00edculos usados y nuevos\" \/>\n<meta property=\"article:modified_time\" content=\"2025-05-21T15:48:13+00:00\" \/>\n<meta property=\"og:image\" content=\"https:\/\/lorga.es\/wp-content\/uploads\/2023\/12\/1-Transit-L4.jpg\" \/>\n\t<meta property=\"og:image:width\" content=\"1024\" \/>\n\t<meta property=\"og:image:height\" content=\"768\" \/>\n\t<meta property=\"og:image:type\" content=\"image\/jpeg\" \/>\n<meta name=\"twitter:card\" content=\"summary_large_image\" \/>\n<meta name=\"twitter:label1\" content=\"Tempo de lectura\" \/>\n\t<meta name=\"twitter:data1\" content=\"2 minutos\" \/>\n<script type=\"application\/ld+json\" class=\"yoast-schema-graph\">{\"@context\":\"https:\/\/schema.org\",\"@graph\":[{\"@type\":\"WebPage\",\"@id\":\"https:\/\/lorga.es\/producto\/ford-transit-350-130cv-l4-h3-traccion-delantera\/\",\"url\":\"https:\/\/lorga.es\/producto\/ford-transit-350-130cv-l4-h3-traccion-delantera\/\",\"name\":\"FORD TRANSIT 350 130CV L4-H3 TRACCI\u00d3N DELANTERA - Lorga - Taller de coches En A Coru\u00f1a. Veh\u00edculos usados y nuevos\",\"isPartOf\":{\"@id\":\"https:\/\/lorga.es\/#website\"},\"primaryImageOfPage\":{\"@id\":\"https:\/\/lorga.es\/producto\/ford-transit-350-130cv-l4-h3-traccion-delantera\/#primaryimage\"},\"image\":{\"@id\":\"https:\/\/lorga.es\/producto\/ford-transit-350-130cv-l4-h3-traccion-delantera\/#primaryimage\"},\"thumbnailUrl\":\"https:\/\/lorga.es\/wp-content\/uploads\/2023\/12\/1-Transit-L4.jpg\",\"datePublished\":\"2023-12-04T16:03:22+00:00\",\"dateModified\":\"2025-05-21T15:48:13+00:00\",\"breadcrumb\":{\"@id\":\"https:\/\/lorga.es\/producto\/ford-transit-350-130cv-l4-h3-traccion-delantera\/#breadcrumb\"},\"inLanguage\":\"gl-ES\",\"potentialAction\":[{\"@type\":\"ReadAction\",\"target\":[\"https:\/\/lorga.es\/producto\/ford-transit-350-130cv-l4-h3-traccion-delantera\/\"]}]},{\"@type\":\"ImageObject\",\"inLanguage\":\"gl-ES\",\"@id\":\"https:\/\/lorga.es\/producto\/ford-transit-350-130cv-l4-h3-traccion-delantera\/#primaryimage\",\"url\":\"https:\/\/lorga.es\/wp-content\/uploads\/2023\/12\/1-Transit-L4.jpg\",\"contentUrl\":\"https:\/\/lorga.es\/wp-content\/uploads\/2023\/12\/1-Transit-L4.jpg\",\"width\":1024,\"height\":768},{\"@type\":\"BreadcrumbList\",\"@id\":\"https:\/\/lorga.es\/producto\/ford-transit-350-130cv-l4-h3-traccion-delantera\/#breadcrumb\",\"itemListElement\":[{\"@type\":\"ListItem\",\"position\":1,\"name\":\"Portada\",\"item\":\"https:\/\/lorga.es\/\"},{\"@type\":\"ListItem\",\"position\":2,\"name\":\"Tienda\",\"item\":\"https:\/\/lorga.es\/tienda\/\"},{\"@type\":\"ListItem\",\"position\":3,\"name\":\"FORD TRANSIT 350 130CV L4-H3 TRACCI\u00d3N DELANTERA\"}]},{\"@type\":\"WebSite\",\"@id\":\"https:\/\/lorga.es\/#website\",\"url\":\"https:\/\/lorga.es\/\",\"name\":\"Lorga - Taller de coches En A Coru\u00f1a. Veh\u00edculos usados y nuevos\",\"description\":\"Tu taller de reparaci\u00f3n mec\u00e1nica en A Coru\u00f1a. Carrocer\u00eda, chapa y pintura. Venta de coches nuevos y usados para toda Galicia\",\"potentialAction\":[{\"@type\":\"SearchAction\",\"target\":{\"@type\":\"EntryPoint\",\"urlTemplate\":\"https:\/\/lorga.es\/?s={search_term_string}\"},\"query-input\":{\"@type\":\"PropertyValueSpecification\",\"valueRequired\":true,\"valueName\":\"search_term_string\"}}],\"inLanguage\":\"gl-ES\"}]}<\/script>\n<!-- \/ Yoast SEO plugin. -->","yoast_head_json":{"title":"FORD TRANSIT 350 130CV L4-H3 TRACCI\u00d3N DELANTERA - Lorga - Taller de coches En A Coru\u00f1a. Veh\u00edculos usados y nuevos","robots":{"index":"index","follow":"follow","max-snippet":"max-snippet:-1","max-image-preview":"max-image-preview:large","max-video-preview":"max-video-preview:-1"},"canonical":"https:\/\/lorga.es\/producto\/ford-transit-350-130cv-l4-h3-traccion-delantera\/","og_locale":"gl_ES","og_type":"article","og_title":"FORD TRANSIT 350 130CV L4-H3 TRACCI\u00d3N DELANTERA - Lorga - Taller de coches En A Coru\u00f1a. Veh\u00edculos usados y nuevos","og_description":"Marca:Ford Modelo: Ford Transit 2T L4H3 Versi\u00f3n: Van, Delantera, Trend A\u00f1o: 2018 Kil\u00f3metros: 189.000 Motor: 2.2 TDCI 130 CV","og_url":"https:\/\/lorga.es\/producto\/ford-transit-350-130cv-l4-h3-traccion-delantera\/","og_site_name":"Lorga - Taller de coches En A Coru\u00f1a. Veh\u00edculos usados y nuevos","article_modified_time":"2025-05-21T15:48:13+00:00","og_image":[{"width":1024,"height":768,"url":"https:\/\/lorga.es\/wp-content\/uploads\/2023\/12\/1-Transit-L4.jpg","type":"image\/jpeg"}],"twitter_card":"summary_large_image","twitter_misc":{"Tempo de lectura":"2 minutos"},"schema":{"@context":"https:\/\/schema.org","@graph":[{"@type":"WebPage","@id":"https:\/\/lorga.es\/producto\/ford-transit-350-130cv-l4-h3-traccion-delantera\/","url":"https:\/\/lorga.es\/producto\/ford-transit-350-130cv-l4-h3-traccion-delantera\/","name":"FORD TRANSIT 350 130CV L4-H3 TRACCI\u00d3N DELANTERA - Lorga - Taller de coches En A Coru\u00f1a. Veh\u00edculos usados y nuevos","isPartOf":{"@id":"https:\/\/lorga.es\/#website"},"primaryImageOfPage":{"@id":"https:\/\/lorga.es\/producto\/ford-transit-350-130cv-l4-h3-traccion-delantera\/#primaryimage"},"image":{"@id":"https:\/\/lorga.es\/producto\/ford-transit-350-130cv-l4-h3-traccion-delantera\/#primaryimage"},"thumbnailUrl":"https:\/\/lorga.es\/wp-content\/uploads\/2023\/12\/1-Transit-L4.jpg","datePublished":"2023-12-04T16:03:22+00:00","dateModified":"2025-05-21T15:48:13+00:00","breadcrumb":{"@id":"https:\/\/lorga.es\/producto\/ford-transit-350-130cv-l4-h3-traccion-delantera\/#breadcrumb"},"inLanguage":"gl-ES","potentialAction":[{"@type":"ReadAction","target":["https:\/\/lorga.es\/producto\/ford-transit-350-130cv-l4-h3-traccion-delantera\/"]}]},{"@type":"ImageObject","inLanguage":"gl-ES","@id":"https:\/\/lorga.es\/producto\/ford-transit-350-130cv-l4-h3-traccion-delantera\/#primaryimage","url":"https:\/\/lorga.es\/wp-content\/uploads\/2023\/12\/1-Transit-L4.jpg","contentUrl":"https:\/\/lorga.es\/wp-content\/uploads\/2023\/12\/1-Transit-L4.jpg","width":1024,"height":768},{"@type":"BreadcrumbList","@id":"https:\/\/lorga.es\/producto\/ford-transit-350-130cv-l4-h3-traccion-delantera\/#breadcrumb","itemListElement":[{"@type":"ListItem","position":1,"name":"Portada","item":"https:\/\/lorga.es\/"},{"@type":"ListItem","position":2,"name":"Tienda","item":"https:\/\/lorga.es\/tienda\/"},{"@type":"ListItem","position":3,"name":"FORD TRANSIT 350 130CV L4-H3 TRACCI\u00d3N DELANTERA"}]},{"@type":"WebSite","@id":"https:\/\/lorga.es\/#website","url":"https:\/\/lorga.es\/","name":"Lorga - Taller de coches En A Coru\u00f1a. Veh\u00edculos usados y nuevos","description":"Tu taller de reparaci\u00f3n mec\u00e1nica en A Coru\u00f1a. Carrocer\u00eda, chapa y pintura. Venta de coches nuevos y usados para toda Galicia","potentialAction":[{"@type":"SearchAction","target":{"@type":"EntryPoint","urlTemplate":"https:\/\/lorga.es\/?s={search_term_string}"},"query-input":{"@type":"PropertyValueSpecification","valueRequired":true,"valueName":"search_term_string"}}],"inLanguage":"gl-ES"}]}},"_links":{"self":[{"href":"https:\/\/lorga.es\/gl\/wp-json\/wp\/v2\/product\/379","targetHints":{"allow":["GET"]}}],"collection":[{"href":"https:\/\/lorga.es\/gl\/wp-json\/wp\/v2\/product"}],"about":[{"href":"https:\/\/lorga.es\/gl\/wp-json\/wp\/v2\/types\/product"}],"replies":[{"embeddable":true,"href":"https:\/\/lorga.es\/gl\/wp-json\/wp\/v2\/comments?post=379"}],"wp:featuredmedia":[{"embeddable":true,"href":"https:\/\/lorga.es\/gl\/wp-json\/wp\/v2\/media\/380"}],"wp:attachment":[{"href":"https:\/\/lorga.es\/gl\/wp-json\/wp\/v2\/media?parent=379"}],"wp:term":[{"taxonomy":"product_brand","embeddable":true,"href":"https:\/\/lorga.es\/gl\/wp-json\/wp\/v2\/product_brand?post=379"},{"taxonomy":"product_cat","embeddable":true,"href":"https:\/\/lorga.es\/gl\/wp-json\/wp\/v2\/product_cat?post=379"},{"taxonomy":"product_tag","embeddable":true,"href":"https:\/\/lorga.es\/gl\/wp-json\/wp\/v2\/product_tag?post=379"}],"curies":[{"name":"wp","href":"https:\/\/api.w.org\/{rel}","templated":true}]}}